{"id":25,"date":"2025-12-03T21:10:36","date_gmt":"2025-12-03T21:10:36","guid":{"rendered":"https:\/\/baylencia.com\/?page_id=25"},"modified":"2025-12-07T21:54:38","modified_gmt":"2025-12-07T21:54:38","slug":"accueil","status":"publish","type":"page","link":"https:\/\/baylencia.com\/","title":{"rendered":"Accueil"},"content":{"rendered":"\n<figure class=\"wp-block-image alignwide size-large\"><img loading=\"lazy\" decoding=\"async\" width=\"1024\" height=\"466\" src=\"http:\/\/baylencia.com\/wp-content\/uploads\/2025\/12\/banniere-baylencia-1024x466.png\" alt=\"\" class=\"wp-image-37\" srcset=\"https:\/\/baylencia.com\/wp-content\/uploads\/2025\/12\/banniere-baylencia-1024x466.png 1024w, https:\/\/baylencia.com\/wp-content\/uploads\/2025\/12\/banniere-baylencia-300x137.png 300w, https:\/\/baylencia.com\/wp-content\/uploads\/2025\/12\/banniere-baylencia-768x350.png 768w, https:\/\/baylencia.com\/wp-content\/uploads\/2025\/12\/banniere-baylencia.png 1300w\" sizes=\"auto, (max-width: 1024px) 100vw, 1024px\" \/><\/figure>\n\n\n\n<p>Baylencia consulting est un cabinet de conseil en gestion, op\u00e9rant en Tunisie et \u00e0 l&rsquo;international, sp\u00e9cialis\u00e9 dans la transformation, l&rsquo;organisation, le management de transition et le pilotage de la performance. Fond\u00e9 en 2024 par Yassine Ben Abdallah au terme de 14 ans d&rsquo;exp\u00e9rience dans la gestion de PME, son expertise multisectorielle, allant de l&rsquo;industrie aux services, allie parfaitement ma\u00eetrise des op\u00e9rations, gestion de l&rsquo;humain et pilotage complet du P&amp;L.<\/p>\n\n\n\n<figure class=\"wp-block-gallery has-nested-images columns-default is-cropped wp-block-gallery-1 is-layout-flex wp-block-gallery-is-layout-flex\">\n<figure class=\"wp-block-image size-large\"><img loading=\"lazy\" decoding=\"async\" width=\"1024\" height=\"681\" data-id=\"26\" src=\"https:\/\/baylencia.com\/wp-content\/uploads\/2025\/12\/YBA-HEC-PARIS-1024x681.jpg\" alt=\"\" class=\"wp-image-26\" srcset=\"https:\/\/baylencia.com\/wp-content\/uploads\/2025\/12\/YBA-HEC-PARIS-1024x681.jpg 1024w, https:\/\/baylencia.com\/wp-content\/uploads\/2025\/12\/YBA-HEC-PARIS-300x200.jpg 300w, https:\/\/baylencia.com\/wp-content\/uploads\/2025\/12\/YBA-HEC-PARIS-768x511.jpg 768w, https:\/\/baylencia.com\/wp-content\/uploads\/2025\/12\/YBA-HEC-PARIS-1536x1022.jpg 1536w, https:\/\/baylencia.com\/wp-content\/uploads\/2025\/12\/YBA-HEC-PARIS-2048x1362.jpg 2048w\" sizes=\"auto, (max-width: 1024px) 100vw, 1024px\" \/><\/figure>\n<\/figure>\n\n\n\n<h2 class=\"wp-block-heading\">Nos domaines d&rsquo;intervention<\/h2>\n\n\n\n<figure class=\"wp-block-image size-large\"><img loading=\"lazy\" decoding=\"async\" width=\"1024\" height=\"481\" src=\"https:\/\/baylencia.com\/wp-content\/uploads\/2025\/12\/Expertises-1-1024x481.png\" alt=\"\" class=\"wp-image-36\" srcset=\"https:\/\/baylencia.com\/wp-content\/uploads\/2025\/12\/Expertises-1-1024x481.png 1024w, https:\/\/baylencia.com\/wp-content\/uploads\/2025\/12\/Expertises-1-300x141.png 300w, https:\/\/baylencia.com\/wp-content\/uploads\/2025\/12\/Expertises-1-768x361.png 768w, https:\/\/baylencia.com\/wp-content\/uploads\/2025\/12\/Expertises-1.png 1510w\" sizes=\"auto, (max-width: 1024px) 100vw, 1024px\" \/><\/figure>\n\n\n\n<h2 class=\"wp-block-heading\">Nos coordonn\u00e9es<\/h2>\n\n\n\n<p>T\u00e9l \/ Whatsapp : +216 28 222 440<\/p>\n\n\n\n<p>E-mail : contact@baylencia.com<\/p>\n\n\n\n<p><\/p>\n","protected":false},"excerpt":{"rendered":"<p>Baylencia consulting est un cabinet de conseil en gestion, op\u00e9rant en Tunisie et \u00e0 l&rsquo;international, sp\u00e9cialis\u00e9 dans la transformation, l&rsquo;organisation, le management de transition et le pilotage de la performance. Fond\u00e9 en 2024 par Yassine Ben Abdallah au terme de 14 ans d&rsquo;exp\u00e9rience dans la gestion de PME, son expertise multisectorielle, allant de l&rsquo;industrie aux [&hellip;]<\/p>\n","protected":false},"author":1,"featured_media":0,"parent":0,"menu_order":0,"comment_status":"closed","ping_status":"closed","template":"","meta":{"footnotes":""},"class_list":["post-25","page","type-page","status-publish","hentry"],"_links":{"self":[{"href":"https:\/\/baylencia.com\/index.php\/wp-json\/wp\/v2\/pages\/25","targetHints":{"allow":["GET"]}}],"collection":[{"href":"https:\/\/baylencia.com\/index.php\/wp-json\/wp\/v2\/pages"}],"about":[{"href":"https:\/\/baylencia.com\/index.php\/wp-json\/wp\/v2\/types\/page"}],"author":[{"embeddable":true,"href":"https:\/\/baylencia.com\/index.php\/wp-json\/wp\/v2\/users\/1"}],"replies":[{"embeddable":true,"href":"https:\/\/baylencia.com\/index.php\/wp-json\/wp\/v2\/comments?post=25"}],"version-history":[{"count":5,"href":"https:\/\/baylencia.com\/index.php\/wp-json\/wp\/v2\/pages\/25\/revisions"}],"predecessor-version":[{"id":42,"href":"https:\/\/baylencia.com\/index.php\/wp-json\/wp\/v2\/pages\/25\/revisions\/42"}],"wp:attachment":[{"href":"https:\/\/baylencia.com\/index.php\/wp-json\/wp\/v2\/media?parent=25"}],"curies":[{"name":"wp","href":"https:\/\/api.w.org\/{rel}","templated":true}]}}